{"id":43,"date":"2025-01-23T21:42:21","date_gmt":"2025-01-24T00:42:21","guid":{"rendered":"https:\/\/portfolio.jpmwagencia.com\/saude-bem-estar\/clinica-odontologica\/appointment\/"},"modified":"2025-03-07T21:08:41","modified_gmt":"2025-03-08T00:08:41","slug":"contato","status":"publish","type":"page","link":"https:\/\/portfolio.jpmwagencia.com\/saude-bem-estar\/clinica-odontologica\/contato\/","title":{"rendered":"Contato"},"content":{"rendered":"\t\t<div data-elementor-type=\"wp-page\" data-elementor-id=\"43\" class=\"elementor elementor-43\" data-elementor-post-type=\"page\">\n\t\t\t\t\t\t<section class=\"elementor-section elementor-top-section elementor-element elementor-element-a557255 elementor-section-boxed elementor-section-height-default elementor-section-height-default wpr-particle-no wpr-jarallax-no wpr-parallax-no wpr-sticky-section-no\" data-id=\"a557255\" data-element_type=\"section\" data-settings=\"{&quot;background_background&quot;:&quot;classic&quot;}\">\n\t\t\t\t\t\t\t<div class=\"elementor-background-overlay\"><\/div>\n\t\t\t\t\t\t\t<div class=\"elementor-container elementor-column-gap-extended\">\n\t\t\t\t\t<div class=\"elementor-column elementor-col-100 elementor-top-column elementor-element elementor-element-717109e\" data-id=\"717109e\" data-element_type=\"column\">\n\t\t\t<div class=\"elementor-widget-wrap elementor-element-populated\">\n\t\t\t\t\t\t<section class=\"elementor-section elementor-inner-section elementor-element elementor-element-184c448 elementor-section-boxed elementor-section-height-default elementor-section-height-default wpr-particle-no wpr-jarallax-no wpr-parallax-no wpr-sticky-section-no elementor-invisible\" data-id=\"184c448\" data-element_type=\"section\" data-settings=\"{&quot;animation&quot;:&quot;fadeInUp&quot;}\">\n\t\t\t\t\t\t<div class=\"elementor-container elementor-column-gap-default\">\n\t\t\t\t\t<div class=\"elementor-column elementor-col-100 elementor-inner-column elementor-element elementor-element-e623e49\" data-id=\"e623e49\" data-element_type=\"column\">\n\t\t\t<div class=\"elementor-widget-wrap elementor-element-populated\">\n\t\t\t\t\t\t<div class=\"elementor-element elementor-element-04e6f9c elementor-widget elementor-widget-heading\" data-id=\"04e6f9c\" data-element_type=\"widget\" data-widget_type=\"heading.default\">\n\t\t\t\t<div class=\"elementor-widget-container\">\n\t\t\t\t\t<h2 class=\"elementor-heading-title elementor-size-default\">Entre em contato  <b>Conosco<\/b><\/h2>\t\t\t\t<\/div>\n\t\t\t\t<\/div>\n\t\t\t\t<div class=\"elementor-element elementor-element-d0ec9c7 elementor-widget__width-initial elementor-widget elementor-widget-text-editor\" data-id=\"d0ec9c7\" data-element_type=\"widget\" data-widget_type=\"text-editor.default\">\n\t\t\t\t<div class=\"elementor-widget-container\">\n\t\t\t\t\t\t\t\t\t<p>Nossa equipe est\u00e1 treinada para prestar um atendimento \u00e1gil que vai de encontro com as suas necessidades.<\/p>\t\t\t\t\t\t\t\t<\/div>\n\t\t\t\t<\/div>\n\t\t\t\t\t<\/div>\n\t\t<\/div>\n\t\t\t\t\t<\/div>\n\t\t<\/section>\n\t\t\t\t\t<\/div>\n\t\t<\/div>\n\t\t\t\t\t<\/div>\n\t\t<\/section>\n\t\t\t\t<section class=\"elementor-section elementor-top-section elementor-element elementor-element-7122038 elementor-section-boxed elementor-section-height-default elementor-section-height-default wpr-particle-no wpr-jarallax-no wpr-parallax-no wpr-sticky-section-no\" data-id=\"7122038\" data-element_type=\"section\">\n\t\t\t\t\t\t<div class=\"elementor-container elementor-column-gap-default\">\n\t\t\t\t\t<div class=\"elementor-column elementor-col-100 elementor-top-column elementor-element elementor-element-4d756c1\" data-id=\"4d756c1\" data-element_type=\"column\">\n\t\t\t<div class=\"elementor-widget-wrap elementor-element-populated\">\n\t\t\t\t\t\t<section class=\"elementor-section elementor-inner-section elementor-element elementor-element-9663fba elementor-section-boxed elementor-section-height-default elementor-section-height-default wpr-particle-no wpr-jarallax-no wpr-parallax-no wpr-sticky-section-no\" data-id=\"9663fba\" data-element_type=\"section\">\n\t\t\t\t\t\t<div class=\"elementor-container elementor-column-gap-extended\">\n\t\t\t\t\t<div class=\"elementor-column elementor-col-25 elementor-inner-column elementor-element elementor-element-1935519\" data-id=\"1935519\" data-element_type=\"column\">\n\t\t\t<div class=\"elementor-widget-wrap elementor-element-populated\">\n\t\t\t\t\t\t<div class=\"elementor-element elementor-element-2e47f12 eael-infobox-content-align--left eael-infobox-shape-square eael-infobox-hover-img-shape-square elementor-invisible elementor-widget elementor-widget-eael-info-box\" data-id=\"2e47f12\" data-element_type=\"widget\" data-settings=\"{&quot;_animation&quot;:&quot;zoomIn&quot;}\" data-widget_type=\"eael-info-box.default\">\n\t\t\t\t<div class=\"elementor-widget-container\">\n\t\t\t\t\t        <div class=\"eael-infobox\">\n\t            <div class=\"infobox-icon\">\n\n                            <img decoding=\"async\" src=\"https:\/\/portfolio.jpmwagencia.com\/saude-bem-estar\/clinica-odontologica\/wp-content\/uploads\/2025\/01\/ce6c9a37-phone.png\" alt=\"\">\n            \n            \n            \n        <\/div>\n            <div class=\"infobox-content\">\n            <h2 class=\"title\">Telefone<\/h2><div><p>(011) 9000 0000<\/p><\/div>        <\/div>\n            <\/div>\n\n\t\t\t\t\t\t<\/div>\n\t\t\t\t<\/div>\n\t\t\t\t\t<\/div>\n\t\t<\/div>\n\t\t\t\t<div class=\"elementor-column elementor-col-25 elementor-inner-column elementor-element elementor-element-ce1a806\" data-id=\"ce1a806\" data-element_type=\"column\">\n\t\t\t<div class=\"elementor-widget-wrap elementor-element-populated\">\n\t\t\t\t\t\t<div class=\"elementor-element elementor-element-2c8039c eael-infobox-content-align--left eael-infobox-shape-square eael-infobox-hover-img-shape-square elementor-invisible elementor-widget elementor-widget-eael-info-box\" data-id=\"2c8039c\" data-element_type=\"widget\" data-settings=\"{&quot;_animation&quot;:&quot;zoomIn&quot;,&quot;_animation_delay&quot;:100}\" data-widget_type=\"eael-info-box.default\">\n\t\t\t\t<div class=\"elementor-widget-container\">\n\t\t\t\t\t        <div class=\"eael-infobox\">\n\t            <div class=\"infobox-icon\">\n\n                            <img decoding=\"async\" src=\"https:\/\/portfolio.jpmwagencia.com\/saude-bem-estar\/clinica-odontologica\/wp-content\/uploads\/2025\/01\/273e3f3c-map-marker.png\" alt=\"\">\n            \n            \n            \n        <\/div>\n            <div class=\"infobox-content\">\n            <h2 class=\"title\">Endere\u00e7o<\/h2><div><p>Avenida Paulista, 000, S\u00e3o Paulo-SP<\/p><\/div>        <\/div>\n            <\/div>\n\n\t\t\t\t\t\t<\/div>\n\t\t\t\t<\/div>\n\t\t\t\t\t<\/div>\n\t\t<\/div>\n\t\t\t\t<div class=\"elementor-column elementor-col-25 elementor-inner-column elementor-element elementor-element-91f43b2\" data-id=\"91f43b2\" data-element_type=\"column\">\n\t\t\t<div class=\"elementor-widget-wrap elementor-element-populated\">\n\t\t\t\t\t\t<div class=\"elementor-element elementor-element-4533361 eael-infobox-content-align--left eael-infobox-shape-square eael-infobox-hover-img-shape-square elementor-invisible elementor-widget elementor-widget-eael-info-box\" data-id=\"4533361\" data-element_type=\"widget\" data-settings=\"{&quot;_animation&quot;:&quot;zoomIn&quot;,&quot;_animation_delay&quot;:200}\" data-widget_type=\"eael-info-box.default\">\n\t\t\t\t<div class=\"elementor-widget-container\">\n\t\t\t\t\t        <div class=\"eael-infobox\">\n\t            <div class=\"infobox-icon\">\n\n                            <img decoding=\"async\" src=\"https:\/\/portfolio.jpmwagencia.com\/saude-bem-estar\/clinica-odontologica\/wp-content\/uploads\/2025\/01\/0cc9bd0c-email.png\" alt=\"\">\n            \n            \n            \n        <\/div>\n            <div class=\"infobox-content\">\n            <h2 class=\"title\">E-mail<\/h2><div><p>exemplo@exemplo.com<\/p><\/div>        <\/div>\n            <\/div>\n\n\t\t\t\t\t\t<\/div>\n\t\t\t\t<\/div>\n\t\t\t\t\t<\/div>\n\t\t<\/div>\n\t\t\t\t<div class=\"elementor-column elementor-col-25 elementor-inner-column elementor-element elementor-element-0aed413\" data-id=\"0aed413\" data-element_type=\"column\">\n\t\t\t<div class=\"elementor-widget-wrap elementor-element-populated\">\n\t\t\t\t\t\t<div class=\"elementor-element elementor-element-978c489 eael-infobox-content-align--left eael-infobox-shape-square eael-infobox-hover-img-shape-square elementor-invisible elementor-widget elementor-widget-eael-info-box\" data-id=\"978c489\" data-element_type=\"widget\" data-settings=\"{&quot;_animation&quot;:&quot;zoomIn&quot;,&quot;_animation_delay&quot;:300}\" data-widget_type=\"eael-info-box.default\">\n\t\t\t\t<div class=\"elementor-widget-container\">\n\t\t\t\t\t        <div class=\"eael-infobox\">\n\t            <div class=\"infobox-icon\">\n\n                            <img decoding=\"async\" src=\"https:\/\/portfolio.jpmwagencia.com\/saude-bem-estar\/clinica-odontologica\/wp-content\/uploads\/2025\/01\/dc47f697-time.png\" alt=\"\">\n            \n            \n            \n        <\/div>\n            <div class=\"infobox-content\">\n            <h2 class=\"title\">Hor\u00e1rio de funcionamento<\/h2><div><p>Seg-Sex &#8211; at\u00e9 18:00<br \/>S\u00e1bado Emerg\u00eancias<\/p><\/div>        <\/div>\n            <\/div>\n\n\t\t\t\t\t\t<\/div>\n\t\t\t\t<\/div>\n\t\t\t\t\t<\/div>\n\t\t<\/div>\n\t\t\t\t\t<\/div>\n\t\t<\/section>\n\t\t\t\t\t<\/div>\n\t\t<\/div>\n\t\t\t\t\t<\/div>\n\t\t<\/section>\n\t\t\t\t<\/div>\n\t\t","protected":false},"excerpt":{"rendered":"<p>Entre em contato Conosco Nossa equipe est\u00e1 treinada para prestar um atendimento \u00e1gil que vai de encontro com as suas necessidades. Telefone (011) 9000 0000 Endere\u00e7o Avenida Paulista, 000, S\u00e3o Paulo-SP E-mail exemplo@exemplo.com Hor\u00e1rio de funcionamento Seg-Sex &#8211; at\u00e9 18:00S\u00e1bado Emerg\u00eancias<\/p>\n","protected":false},"author":1,"featured_media":0,"parent":0,"menu_order":0,"comment_status":"closed","ping_status":"closed","template":"elementor_header_footer","meta":{"footnotes":""},"class_list":["post-43","page","type-page","status-publish","hentry"],"yoast_head":"<!-- This site is optimized with the Yoast SEO plugin v24.5 - https:\/\/yoast.com\/wordpress\/plugins\/seo\/ -->\n<title>Contato - Dentista Dr. Bruno Sousa<\/title>\n<meta name=\"robots\" content=\"noindex, follow\" \/>\n<meta property=\"og:locale\" content=\"pt_BR\" \/>\n<meta property=\"og:type\" content=\"article\" \/>\n<meta property=\"og:title\" content=\"Contato - Dentista Dr. Bruno Sousa\" \/>\n<meta property=\"og:description\" content=\"Entre em contato Conosco Nossa equipe est\u00e1 treinada para prestar um atendimento \u00e1gil que vai de encontro com as suas necessidades. Telefone (011) 9000 0000 Endere\u00e7o Avenida Paulista, 000, S\u00e3o Paulo-SP E-mail exemplo@exemplo.com Hor\u00e1rio de funcionamento Seg-Sex &#8211; at\u00e9 18:00S\u00e1bado Emerg\u00eancias\" \/>\n<meta property=\"og:url\" content=\"https:\/\/portfolio.jpmwagencia.com\/saude-bem-estar\/clinica-odontologica\/contato\/\" \/>\n<meta property=\"og:site_name\" content=\"Dentista Dr. Bruno Sousa\" \/>\n<meta property=\"article:modified_time\" content=\"2025-03-08T00:08:41+00:00\" \/>\n<meta property=\"og:image\" content=\"https:\/\/portfolio.jpmwagencia.com\/saude-bem-estar\/clinica-odontologica\/wp-content\/uploads\/2025\/01\/ce6c9a37-phone.png\" \/>\n<meta name=\"twitter:card\" content=\"summary_large_image\" \/>\n<meta name=\"twitter:label1\" content=\"Est. tempo de leitura\" \/>\n\t<meta name=\"twitter:data1\" content=\"2 minutos\" \/>\n<script type=\"application\/ld+json\" class=\"yoast-schema-graph\">{\"@context\":\"https:\/\/schema.org\",\"@graph\":[{\"@type\":\"WebPage\",\"@id\":\"https:\/\/portfolio.jpmwagencia.com\/saude-bem-estar\/clinica-odontologica\/contato\/\",\"url\":\"https:\/\/portfolio.jpmwagencia.com\/saude-bem-estar\/clinica-odontologica\/contato\/\",\"name\":\"Contato - Dentista Dr. Bruno Sousa\",\"isPartOf\":{\"@id\":\"https:\/\/portfolio.jpmwagencia.com\/saude-bem-estar\/clinica-odontologica\/#website\"},\"primaryImageOfPage\":{\"@id\":\"https:\/\/portfolio.jpmwagencia.com\/saude-bem-estar\/clinica-odontologica\/contato\/#primaryimage\"},\"image\":{\"@id\":\"https:\/\/portfolio.jpmwagencia.com\/saude-bem-estar\/clinica-odontologica\/contato\/#primaryimage\"},\"thumbnailUrl\":\"https:\/\/portfolio.jpmwagencia.com\/saude-bem-estar\/clinica-odontologica\/wp-content\/uploads\/2025\/01\/ce6c9a37-phone.png\",\"datePublished\":\"2025-01-24T00:42:21+00:00\",\"dateModified\":\"2025-03-08T00:08:41+00:00\",\"breadcrumb\":{\"@id\":\"https:\/\/portfolio.jpmwagencia.com\/saude-bem-estar\/clinica-odontologica\/contato\/#breadcrumb\"},\"inLanguage\":\"pt-BR\",\"potentialAction\":[{\"@type\":\"ReadAction\",\"target\":[\"https:\/\/portfolio.jpmwagencia.com\/saude-bem-estar\/clinica-odontologica\/contato\/\"]}]},{\"@type\":\"ImageObject\",\"inLanguage\":\"pt-BR\",\"@id\":\"https:\/\/portfolio.jpmwagencia.com\/saude-bem-estar\/clinica-odontologica\/contato\/#primaryimage\",\"url\":\"https:\/\/portfolio.jpmwagencia.com\/saude-bem-estar\/clinica-odontologica\/wp-content\/uploads\/2025\/01\/ce6c9a37-phone.png\",\"contentUrl\":\"https:\/\/portfolio.jpmwagencia.com\/saude-bem-estar\/clinica-odontologica\/wp-content\/uploads\/2025\/01\/ce6c9a37-phone.png\",\"width\":71,\"height\":71},{\"@type\":\"BreadcrumbList\",\"@id\":\"https:\/\/portfolio.jpmwagencia.com\/saude-bem-estar\/clinica-odontologica\/contato\/#breadcrumb\",\"itemListElement\":[{\"@type\":\"ListItem\",\"position\":1,\"name\":\"In\u00edcio\",\"item\":\"https:\/\/portfolio.jpmwagencia.com\/saude-bem-estar\/clinica-odontologica\/\"},{\"@type\":\"ListItem\",\"position\":2,\"name\":\"Contato\"}]},{\"@type\":\"WebSite\",\"@id\":\"https:\/\/portfolio.jpmwagencia.com\/saude-bem-estar\/clinica-odontologica\/#website\",\"url\":\"https:\/\/portfolio.jpmwagencia.com\/saude-bem-estar\/clinica-odontologica\/\",\"name\":\"Dentista Dr. Bruno Sorriso\",\"description\":\"\",\"potentialAction\":[{\"@type\":\"SearchAction\",\"target\":{\"@type\":\"EntryPoint\",\"urlTemplate\":\"https:\/\/portfolio.jpmwagencia.com\/saude-bem-estar\/clinica-odontologica\/?s={search_term_string}\"},\"query-input\":{\"@type\":\"PropertyValueSpecification\",\"valueRequired\":true,\"valueName\":\"search_term_string\"}}],\"inLanguage\":\"pt-BR\"}]}<\/script>\n<!-- \/ Yoast SEO plugin. -->","yoast_head_json":{"title":"Contato - Dentista Dr. Bruno Sousa","robots":{"index":"noindex","follow":"follow"},"og_locale":"pt_BR","og_type":"article","og_title":"Contato - Dentista Dr. Bruno Sousa","og_description":"Entre em contato Conosco Nossa equipe est\u00e1 treinada para prestar um atendimento \u00e1gil que vai de encontro com as suas necessidades. Telefone (011) 9000 0000 Endere\u00e7o Avenida Paulista, 000, S\u00e3o Paulo-SP E-mail exemplo@exemplo.com Hor\u00e1rio de funcionamento Seg-Sex &#8211; at\u00e9 18:00S\u00e1bado Emerg\u00eancias","og_url":"https:\/\/portfolio.jpmwagencia.com\/saude-bem-estar\/clinica-odontologica\/contato\/","og_site_name":"Dentista Dr. Bruno Sousa","article_modified_time":"2025-03-08T00:08:41+00:00","og_image":[{"url":"https:\/\/portfolio.jpmwagencia.com\/saude-bem-estar\/clinica-odontologica\/wp-content\/uploads\/2025\/01\/ce6c9a37-phone.png","type":"","width":"","height":""}],"twitter_card":"summary_large_image","twitter_misc":{"Est. tempo de leitura":"2 minutos"},"schema":{"@context":"https:\/\/schema.org","@graph":[{"@type":"WebPage","@id":"https:\/\/portfolio.jpmwagencia.com\/saude-bem-estar\/clinica-odontologica\/contato\/","url":"https:\/\/portfolio.jpmwagencia.com\/saude-bem-estar\/clinica-odontologica\/contato\/","name":"Contato - Dentista Dr. Bruno Sousa","isPartOf":{"@id":"https:\/\/portfolio.jpmwagencia.com\/saude-bem-estar\/clinica-odontologica\/#website"},"primaryImageOfPage":{"@id":"https:\/\/portfolio.jpmwagencia.com\/saude-bem-estar\/clinica-odontologica\/contato\/#primaryimage"},"image":{"@id":"https:\/\/portfolio.jpmwagencia.com\/saude-bem-estar\/clinica-odontologica\/contato\/#primaryimage"},"thumbnailUrl":"https:\/\/portfolio.jpmwagencia.com\/saude-bem-estar\/clinica-odontologica\/wp-content\/uploads\/2025\/01\/ce6c9a37-phone.png","datePublished":"2025-01-24T00:42:21+00:00","dateModified":"2025-03-08T00:08:41+00:00","breadcrumb":{"@id":"https:\/\/portfolio.jpmwagencia.com\/saude-bem-estar\/clinica-odontologica\/contato\/#breadcrumb"},"inLanguage":"pt-BR","potentialAction":[{"@type":"ReadAction","target":["https:\/\/portfolio.jpmwagencia.com\/saude-bem-estar\/clinica-odontologica\/contato\/"]}]},{"@type":"ImageObject","inLanguage":"pt-BR","@id":"https:\/\/portfolio.jpmwagencia.com\/saude-bem-estar\/clinica-odontologica\/contato\/#primaryimage","url":"https:\/\/portfolio.jpmwagencia.com\/saude-bem-estar\/clinica-odontologica\/wp-content\/uploads\/2025\/01\/ce6c9a37-phone.png","contentUrl":"https:\/\/portfolio.jpmwagencia.com\/saude-bem-estar\/clinica-odontologica\/wp-content\/uploads\/2025\/01\/ce6c9a37-phone.png","width":71,"height":71},{"@type":"BreadcrumbList","@id":"https:\/\/portfolio.jpmwagencia.com\/saude-bem-estar\/clinica-odontologica\/contato\/#breadcrumb","itemListElement":[{"@type":"ListItem","position":1,"name":"In\u00edcio","item":"https:\/\/portfolio.jpmwagencia.com\/saude-bem-estar\/clinica-odontologica\/"},{"@type":"ListItem","position":2,"name":"Contato"}]},{"@type":"WebSite","@id":"https:\/\/portfolio.jpmwagencia.com\/saude-bem-estar\/clinica-odontologica\/#website","url":"https:\/\/portfolio.jpmwagencia.com\/saude-bem-estar\/clinica-odontologica\/","name":"Dentista Dr. Bruno Sorriso","description":"","potentialAction":[{"@type":"SearchAction","target":{"@type":"EntryPoint","urlTemplate":"https:\/\/portfolio.jpmwagencia.com\/saude-bem-estar\/clinica-odontologica\/?s={search_term_string}"},"query-input":{"@type":"PropertyValueSpecification","valueRequired":true,"valueName":"search_term_string"}}],"inLanguage":"pt-BR"}]}},"_links":{"self":[{"href":"https:\/\/portfolio.jpmwagencia.com\/saude-bem-estar\/clinica-odontologica\/wp-json\/wp\/v2\/pages\/43","targetHints":{"allow":["GET"]}}],"collection":[{"href":"https:\/\/portfolio.jpmwagencia.com\/saude-bem-estar\/clinica-odontologica\/wp-json\/wp\/v2\/pages"}],"about":[{"href":"https:\/\/portfolio.jpmwagencia.com\/saude-bem-estar\/clinica-odontologica\/wp-json\/wp\/v2\/types\/page"}],"author":[{"embeddable":true,"href":"https:\/\/portfolio.jpmwagencia.com\/saude-bem-estar\/clinica-odontologica\/wp-json\/wp\/v2\/users\/1"}],"replies":[{"embeddable":true,"href":"https:\/\/portfolio.jpmwagencia.com\/saude-bem-estar\/clinica-odontologica\/wp-json\/wp\/v2\/comments?post=43"}],"version-history":[{"count":20,"href":"https:\/\/portfolio.jpmwagencia.com\/saude-bem-estar\/clinica-odontologica\/wp-json\/wp\/v2\/pages\/43\/revisions"}],"predecessor-version":[{"id":750,"href":"https:\/\/portfolio.jpmwagencia.com\/saude-bem-estar\/clinica-odontologica\/wp-json\/wp\/v2\/pages\/43\/revisions\/750"}],"wp:attachment":[{"href":"https:\/\/portfolio.jpmwagencia.com\/saude-bem-estar\/clinica-odontologica\/wp-json\/wp\/v2\/media?parent=43"}],"curies":[{"name":"wp","href":"https:\/\/api.w.org\/{rel}","templated":true}]}}